{"id":110,"date":"2019-09-23T09:30:13","date_gmt":"2019-09-23T09:30:13","guid":{"rendered":"http:\/\/xn--gs-hmelerwald-sievershausen-ekc.de\/?page_id=110"},"modified":"2023-10-26T15:45:26","modified_gmt":"2023-10-26T15:45:26","slug":"informationen-fuer-eltern","status":"publish","type":"page","link":"http:\/\/xn--gs-hmelerwald-sievershausen-ekc.de\/?page_id=110","title":{"rendered":"Leitbild"},"content":{"rendered":"\n<p class=\"has-background has-medium-font-size\" style=\"background-color:#cce3bc94\"><strong>Leitbild der Grundschule H\u00e4melerwald-Sievershausen <\/strong><\/p>\n\n\n\n<p class=\"has-very-light-gray-background-color has-background\"><strong>Schulkultur<\/strong><\/p>\n\n\n\n<p>Wir sind eine Schule, in der wir gemeinsam daran arbeiten, dass sich ALLE wohlf\u00fchlen. <\/p>\n\n\n\n<p>\u2022 Wir pflegen einen achtsamen und wertsch\u00e4tzenden Umgang miteinander.<\/p>\n\n\n\n<p>\u2022 Wir tolerieren und respektieren einander.<\/p>\n\n\n\n<p>\u2022 Wir unterst\u00fctzen uns gegenseitig. <\/p>\n\n\n\n<p>\u2022 Wir halten uns an vereinbarte Regeln und suchen in Konfliktsituationen konstruktive L\u00f6sungen.<\/p>\n\n\n\n<p class=\"has-very-light-gray-background-color has-background\"><strong>Sch\u00fcler:innen <\/strong><\/p>\n\n\n\n<p>Wir unterst\u00fctzen die Sch\u00fcler:innen bei ihrer Pers\u00f6nlichkeitsentwicklung. <\/p>\n\n\n\n<p> \u2022 Wir f\u00f6rdern die Sch\u00fcler:innen beim Erwerb der schulischen Kompetenzen.<\/p>\n\n\n\n<p> \u2022 Wir begleiten und unterst\u00fctzen die Sch\u00fcler:innen in ihrer Entwicklung zu eigenst\u00e4ndigen, verantwortungs- und selbstbewussten Menschen.<\/p>\n\n\n\n<p> \u2022 Wir st\u00e4rken die Sch\u00fcler:innen f\u00fcr das gemeinschaftliche Zusammenleben in der Gesellschaft. <\/p>\n\n\n\n<p class=\"has-very-light-gray-background-color has-background\"><strong>Unterricht <\/strong><\/p>\n\n\n\n<p>Wir f\u00f6rdern und fordern die Sch\u00fcler:innen durch zielgerichteten sowie differenzierten Unterricht.<\/p>\n\n\n\n<p>\u2022 Wir gestalten anschaulichen und bewegten Unterricht durch Methodenvielfalt und den Einsatz au\u00dferschulischer Lernorte. <\/p>\n\n\n\n<p>\u2022 Wir schaffen ein Unterrichtsklima, das motiviertes Lernen und respektvolles sowie konstruktives Zusammenarbeiten erm\u00f6glicht.<\/p>\n\n\n\n<p>\u2022 Wir fertigen unsere schulinternen Lehrpl\u00e4ne gem\u00e4\u00df den Kerncurricula des Nieders\u00e4chsischen Kultusministeriums an. <\/p>\n\n\n\n<p class=\"has-very-light-gray-background-color has-background\"><strong>Kollegium<\/strong><\/p>\n\n\n\n<p>Wir arbeiten wertsch\u00e4tzend und konstruktiv miteinander.<\/p>\n\n\n\n<p>\u2022 Wir begegnen uns mit Respekt, Vertrauen und Humor.<\/p>\n\n\n\n<p>\u2022 Wir arbeiten in Teams und sind offen f\u00fcr innovative Ans\u00e4tze.<\/p>\n\n\n\n<p>\u2022 Wir unterst\u00fctzen und st\u00e4rken uns gegenseitig.<\/p>\n\n\n\n<p class=\"has-very-light-gray-background-color has-background\"><strong>Eltern und \u00d6ffentlichkeit<\/strong><\/p>\n\n\n\n<p>Wir pflegen eine kooperative Zusammenarbeit mit den Eltern und informieren regelm\u00e4\u00dfig \u00fcber unsere Schule.<\/p>\n\n\n\n<p>\u2022 Wir arbeiten mit den Eltern zusammen und beziehen sie aktiv in das Schulleben ein.<\/p>\n\n\n\n<p>\u2022 Wir kommunizieren offen miteinander und informieren regelm\u00e4\u00dfig \u00fcber das Schulgeschehen.<\/p>\n\n\n\n<p>\u2022 Wir bieten regelm\u00e4\u00dfige Beratungsgespr\u00e4che an.  <\/p>\n\n\n\n<p>\u2022 Wir pr\u00e4sentieren unsere Schule in der \u00d6ffentlichkeit.<\/p>\n\n\n\n<p class=\"has-very-light-gray-background-color has-background\"><strong>Qualit\u00e4t<\/strong><\/p>\n\n\n\n<p>Wir entwickeln unsere Schule und unseren Unterricht systematisch weiter.<\/p>\n\n\n\n<p>\u2022 Wir bilden uns regelm\u00e4\u00dfig fort.<\/p>\n\n\n\n<p>\u2022 Wir evaluieren die Umsetzung unserer Ziele und deren Wirksamkeit.<\/p>\n","protected":false},"excerpt":{"rendered":"<p>Leitbild der Grundschule H\u00e4melerwald-Sievershausen Schulkultur Wir sind eine Schule, in der wir gemeinsam daran arbeiten, dass sich ALLE wohlf\u00fchlen. \u2022 Wir pflegen einen achtsamen und wertsch\u00e4tzenden Umgang miteinander. \u2022 Wir tolerieren und respektieren einander. \u2022 Wir unterst\u00fctzen uns gegenseitig. \u2022 Wir halten uns an vereinbarte Regeln und suchen in Konfliktsituationen konstruktive L\u00f6sungen. Sch\u00fcler:innen Wir unterst\u00fctzen&#8230;<\/p>\n","protected":false},"author":1,"featured_media":0,"parent":0,"menu_order":0,"comment_status":"closed","ping_status":"closed","template":"","meta":{"footnotes":""},"class_list":["post-110","page","type-page","status-publish","hentry"],"aioseo_notices":[],"_links":{"self":[{"href":"http:\/\/xn--gs-hmelerwald-sievershausen-ekc.de\/index.php?rest_route=\/wp\/v2\/pages\/110","targetHints":{"allow":["GET"]}}],"collection":[{"href":"http:\/\/xn--gs-hmelerwald-sievershausen-ekc.de\/index.php?rest_route=\/wp\/v2\/pages"}],"about":[{"href":"http:\/\/xn--gs-hmelerwald-sievershausen-ekc.de\/index.php?rest_route=\/wp\/v2\/types\/page"}],"author":[{"embeddable":true,"href":"http:\/\/xn--gs-hmelerwald-sievershausen-ekc.de\/index.php?rest_route=\/wp\/v2\/users\/1"}],"replies":[{"embeddable":true,"href":"http:\/\/xn--gs-hmelerwald-sievershausen-ekc.de\/index.php?rest_route=%2Fwp%2Fv2%2Fcomments&post=110"}],"version-history":[{"count":9,"href":"http:\/\/xn--gs-hmelerwald-sievershausen-ekc.de\/index.php?rest_route=\/wp\/v2\/pages\/110\/revisions"}],"predecessor-version":[{"id":592,"href":"http:\/\/xn--gs-hmelerwald-sievershausen-ekc.de\/index.php?rest_route=\/wp\/v2\/pages\/110\/revisions\/592"}],"wp:attachment":[{"href":"http:\/\/xn--gs-hmelerwald-sievershausen-ekc.de\/index.php?rest_route=%2Fwp%2Fv2%2Fmedia&parent=110"}],"curies":[{"name":"wp","href":"https:\/\/api.w.org\/{rel}","templated":true}]}}